{"id":118,"date":"2021-06-03T23:46:39","date_gmt":"2021-06-03T23:46:39","guid":{"rendered":"https:\/\/margaleff.com\/?page_id=118"},"modified":"2025-06-05T19:28:44","modified_gmt":"2025-06-05T19:28:44","slug":"servicios","status":"publish","type":"page","link":"https:\/\/margaleff.com\/index.php\/servicios\/","title":{"rendered":"Servicios"},"content":{"rendered":"<p>[et_pb_section fb_built=&#8221;1&#8243; admin_label=&#8221;Features&#8221; _builder_version=&#8221;4.16&#8243; background_image=&#8221;https:\/\/margaleff.com\/wp-content\/uploads\/2021\/06\/church-04-1.jpg&#8221; background_position=&#8221;center_right&#8221; global_colors_info=&#8221;{}&#8221;][et_pb_row column_structure=&#8221;1_2,1_2&#8243; _builder_version=&#8221;4.16&#8243; global_colors_info=&#8221;{}&#8221;][et_pb_column type=&#8221;1_2&#8243; _builder_version=&#8221;4.16&#8243; custom_padding=&#8221;100px|||&#8221; custom_padding_tablet=&#8221;0px|||&#8221; custom_padding_phone=&#8221;&#8221; custom_padding_last_edited=&#8221;on|tablet&#8221; global_colors_info=&#8221;{}&#8221; padding_tablet=&#8221;0px|||&#8221; padding_last_edited=&#8221;on|tablet&#8221; custom_padding__hover=&#8221;|||&#8221; padding_phone=&#8221;0px|||&#8221;][et_pb_text _builder_version=&#8221;4.16&#8243; text_font=&#8221;||||||||&#8221; text_font_size=&#8221;17px&#8221; text_line_height=&#8221;2em&#8221; header_font=&#8221;Didact Gothic||||||||&#8221; header_font_size=&#8221;36px&#8221; header_2_font=&#8221;Glegoo||||||||&#8221; header_2_font_size=&#8221;40px&#8221; header_2_line_height=&#8221;1.4em&#8221; header_4_font=&#8221;|700||on|||||&#8221; header_4_text_color=&#8221;#1d48c0&#8243; header_4_font_size=&#8221;12px&#8221; header_4_letter_spacing=&#8221;2px&#8221; header_4_line_height=&#8221;1.6em&#8221; text_orientation=&#8221;justified&#8221; text_font_size_tablet=&#8221;15px&#8221; text_font_size_phone=&#8221;14px&#8221; text_font_size_last_edited=&#8221;on|phone&#8221; header_font_size_tablet=&#8221;30px&#8221; header_font_size_phone=&#8221;22px&#8221; header_font_size_last_edited=&#8221;on|phone&#8221; header_2_font_size_tablet=&#8221;30px&#8221; header_2_font_size_phone=&#8221;22px&#8221; header_2_font_size_last_edited=&#8221;on|phone&#8221; header_4_font_size_tablet=&#8221;&#8221; header_4_font_size_phone=&#8221;12px&#8221; header_4_font_size_last_edited=&#8221;on|phone&#8221; global_colors_info=&#8221;{}&#8221;]<\/p>\n<h4 style=\"text-align: left;\">Nuestros Servicios<\/h4>\n<h1 id=\"u80591-2\" style=\"text-align: left;\">Instalaciones El\u00e9ctricas y Proyectos<\/h1>\n<p><span>Estamos comprometidos con la\u00a0<\/span><span id=\"u80592-2\">renovaci\u00f3n y modernizaci\u00f3n de sus instalaciones<\/span><span>, brind\u00e1ndole nuestra experiencia con la\u00a0<\/span><span id=\"u80592-4\">tecnolog\u00eda de punta<span>\u00a0<\/span><\/span><span>m\u00e1s avanzada del mercado para la construcci\u00f3n el\u00e9ctrica,\u00a0<\/span><span id=\"u80592-6\">cumpliendo siempre los est\u00e1ndares de calidad y normatividad<\/span><span>.<\/span><\/p>\n<p>[\/et_pb_text][\/et_pb_column][et_pb_column type=&#8221;1_2&#8243; _builder_version=&#8221;4.16&#8243; custom_padding=&#8221;|||&#8221; global_colors_info=&#8221;{}&#8221; custom_padding__hover=&#8221;|||&#8221;][dsm_image_accordion _builder_version=&#8221;4.16&#8243; _module_preset=&#8221;default&#8221; border_radii=&#8221;on|10px|10px|10px|10px&#8221; box_shadow_style=&#8221;preset3&#8243; global_colors_info=&#8221;{}&#8221;][dsm_image_accordion_child image_accordion_src=&#8221;https:\/\/margaleff.com\/wp-content\/uploads\/2021\/06\/Servicios-margaleff-pro-1.jpg&#8221; _builder_version=&#8221;4.16&#8243; _module_preset=&#8221;default&#8221; global_colors_info=&#8221;{}&#8221;][\/dsm_image_accordion_child][dsm_image_accordion_child image_accordion_src=&#8221;https:\/\/margaleff.com\/wp-content\/uploads\/2021\/06\/cropped-shot-of-architect-or-engineer-in-formal-we-TKQEMT4-pro-1.jpg&#8221; _builder_version=&#8221;4.16&#8243; _module_preset=&#8221;default&#8221; global_colors_info=&#8221;{}&#8221;][\/dsm_image_accordion_child][dsm_image_accordion_child image_accordion_src=&#8221;https:\/\/margaleff.com\/wp-content\/uploads\/2021\/06\/installing-or-repairing-electrical-panel-JJG4WWU-pro-1.jpg&#8221; _builder_version=&#8221;4.16&#8243; _module_preset=&#8221;default&#8221; global_colors_info=&#8221;{}&#8221;][\/dsm_image_accordion_child][\/dsm_image_accordion][\/et_pb_column][\/et_pb_row][et_pb_row _builder_version=&#8221;4.16&#8243; custom_margin=&#8221;3vw||||false|false&#8221; global_colors_info=&#8221;{}&#8221;][et_pb_column type=&#8221;4_4&#8243; _builder_version=&#8221;4.16&#8243; custom_padding_tablet=&#8221;0px|||&#8221; custom_padding_phone=&#8221;&#8221; custom_padding_last_edited=&#8221;on|tablet&#8221; global_colors_info=&#8221;{}&#8221; padding_tablet=&#8221;0px|||&#8221; padding_last_edited=&#8221;on|tablet&#8221; custom_padding__hover=&#8221;|||&#8221; padding_phone=&#8221;0px|||&#8221;][et_pb_text _builder_version=&#8221;4.16&#8243; text_font=&#8221;||||||||&#8221; text_font_size=&#8221;17px&#8221; text_line_height=&#8221;2em&#8221; header_font=&#8221;Didact Gothic||||||||&#8221; header_font_size=&#8221;36px&#8221; header_2_font=&#8221;Glegoo||||||||&#8221; header_2_font_size=&#8221;40px&#8221; header_2_line_height=&#8221;1.4em&#8221; header_4_font=&#8221;|700||on|||||&#8221; header_4_text_color=&#8221;#1d48c0&#8243; header_4_font_size=&#8221;16px&#8221; header_4_letter_spacing=&#8221;2px&#8221; header_4_line_height=&#8221;1.6em&#8221; text_orientation=&#8221;justified&#8221; width=&#8221;45%&#8221; width_tablet=&#8221;100%&#8221; width_phone=&#8221;&#8221; width_last_edited=&#8221;on|phone&#8221; module_alignment=&#8221;center&#8221; text_font_size_tablet=&#8221;15px&#8221; text_font_size_phone=&#8221;14px&#8221; text_font_size_last_edited=&#8221;on|phone&#8221; header_font_size_tablet=&#8221;&#8221; header_font_size_phone=&#8221;22px&#8221; header_font_size_last_edited=&#8221;on|phone&#8221; header_2_font_size_tablet=&#8221;30px&#8221; header_2_font_size_phone=&#8221;22px&#8221; header_2_font_size_last_edited=&#8221;on|phone&#8221; header_4_font_size_tablet=&#8221;&#8221; header_4_font_size_phone=&#8221;14px&#8221; header_4_font_size_last_edited=&#8221;on|phone&#8221; global_colors_info=&#8221;{}&#8221;]<\/p>\n<h4><\/h4>\n<h1 id=\"u150134-2\">Obras<\/h1>\n<div class=\"clearfix grpelem\" id=\"ppu73575\">\n<div class=\"clearfix colelem\" id=\"ppu150134-4\">\n<div class=\"clearfix grpelem\" id=\"pu150134-4\">\n<div class=\"clearfix colelem shared_content\" id=\"u150149-6\" data-muse-uid=\"U150149\" data-muse-type=\"txt_frame\" data-ibe-flags=\"txtStyleSrc\" data-content-guid=\"u150149-6_content\">\n<p id=\"u150149-2\">M\u00e1s de 25 a\u00f1os de experiencia nos dan el respaldo para prestar servicios con altos est\u00e1ndares de calidad para cualquier proyecto.<\/p>\n<p id=\"u150149-4\">Nuestro equipo constantemente capacitado le brindar\u00e1 la mejor experiencia en cuanto a tiempos de entrega, profesionalismo, conocimiento y calidad en los detalles.<\/p>\n<p>&nbsp;<\/p>\n<\/div>\n<\/div>\n<\/div>\n<div class=\"clearfix colelem\" id=\"ppu183416\">\n<div class=\"clearfix grpelem\" id=\"pu183416\">\n<div class=\"clearfix colelem\" id=\"u183416\">\n<div class=\"h1-servicios clearfix grpelem shared_content\" id=\"u86655-4\" data-muse-uid=\"U86655\" data-muse-type=\"txt_frame\" data-ibe-flags=\"txtStyleSrc\" data-content-guid=\"u86655-4_content\">\n<h1 id=\"u86655-2\"><\/h1>\n<\/div>\n<\/div>\n<div class=\"clearfix colelem shared_content\" id=\"u86670-4\" data-muse-uid=\"U86670\" data-muse-type=\"txt_frame\" data-ibe-flags=\"txtStyleSrc\" data-content-guid=\"u86670-4_content\">\n<p id=\"u86670-2\">\n<\/div>\n<\/div>\n<\/div>\n<div class=\"browser_width colelem shared_content\" id=\"u82581-bw\" data-content-guid=\"u82581-bw_content\">\n<div id=\"u82581\"><\/div>\n<\/div>\n<\/div>\n<p>[\/et_pb_text][\/et_pb_column][\/et_pb_row][et_pb_row column_structure=&#8221;1_2,1_2&#8243; use_custom_gutter=&#8221;on&#8221; gutter_width=&#8221;4&#8243; _builder_version=&#8221;4.16&#8243; custom_margin=&#8221;1vw||||false|false&#8221; global_colors_info=&#8221;{}&#8221;][et_pb_column type=&#8221;1_2&#8243; _builder_version=&#8221;4.16&#8243; custom_padding_tablet=&#8221;0px|||&#8221; custom_padding_phone=&#8221;&#8221; custom_padding_last_edited=&#8221;on|tablet&#8221; global_colors_info=&#8221;{}&#8221; padding_tablet=&#8221;0px|||&#8221; padding_last_edited=&#8221;on|tablet&#8221; custom_padding__hover=&#8221;|||&#8221; padding_phone=&#8221;0px|||&#8221;][dsm_before_after_image before_src=&#8221;https:\/\/margaleff.com\/wp-content\/uploads\/2021\/06\/LIV-DORADO-OBRA.jpeg&#8221; after_src=&#8221;https:\/\/margaleff.com\/wp-content\/uploads\/2021\/06\/LIV-EL-DORADO.jpg&#8221; before_label_text=&#8221;Antes&#8221; after_label_text=&#8221;Despu\u00e9s&#8221; _builder_version=&#8221;4.16&#8243; _module_preset=&#8221;default&#8221; height=&#8221;320px&#8221; height_tablet=&#8221;350px&#8221; height_phone=&#8221;200px&#8221; height_last_edited=&#8221;on|phone&#8221; custom_margin=&#8221;0px||||false|false&#8221; custom_padding=&#8221;0px||||false|false&#8221; border_radii=&#8221;on|10px|10px|10px|10px&#8221; box_shadow_style=&#8221;preset3&#8243; global_colors_info=&#8221;{}&#8221;][\/dsm_before_after_image][dsm_before_after_image before_src=&#8221;https:\/\/margaleff.com\/wp-content\/uploads\/2021\/06\/apartado-de-obras-PRO-3-1.jpg&#8221; after_src=&#8221;https:\/\/margaleff.com\/wp-content\/uploads\/2021\/06\/ARENA-TERMINADA-2-scaled.jpg&#8221; before_label_text=&#8221;Antes&#8221; after_label_text=&#8221;Despu\u00e9s&#8221; _builder_version=&#8221;4.16&#8243; _module_preset=&#8221;default&#8221; height=&#8221;320px&#8221; height_tablet=&#8221;350px&#8221; height_phone=&#8221;200px&#8221; height_last_edited=&#8221;on|phone&#8221; custom_margin=&#8221;0px||||false|false&#8221; custom_padding=&#8221;0px||||false|false&#8221; border_radii=&#8221;on|10px|10px|10px|10px&#8221; box_shadow_style=&#8221;preset3&#8243; global_colors_info=&#8221;{}&#8221;][\/dsm_before_after_image][\/et_pb_column][et_pb_column type=&#8221;1_2&#8243; _builder_version=&#8221;4.16&#8243; custom_padding=&#8221;|||&#8221; global_colors_info=&#8221;{}&#8221; custom_padding__hover=&#8221;|||&#8221;][dsm_before_after_image before_src=&#8221;https:\/\/margaleff.com\/wp-content\/uploads\/2021\/06\/GAL-TOLUCA-OBRA-2-1.jpg&#8221; after_src=&#8221;https:\/\/margaleff.com\/wp-content\/uploads\/2021\/06\/GAL-TOLUCA-TERMINADO.jpeg&#8221; before_label_text=&#8221;Antes&#8221; after_label_text=&#8221;Despu\u00e9s&#8221; _builder_version=&#8221;4.16&#8243; _module_preset=&#8221;default&#8221; height=&#8221;320px&#8221; height_tablet=&#8221;350px&#8221; height_phone=&#8221;200px&#8221; height_last_edited=&#8221;on|phone&#8221; custom_margin=&#8221;0px||||false|false&#8221; custom_padding=&#8221;0px||||false|false&#8221; border_radii=&#8221;on|10px|10px|10px|10px&#8221; box_shadow_style=&#8221;preset3&#8243; global_colors_info=&#8221;{}&#8221;][\/dsm_before_after_image][dsm_before_after_image before_src=&#8221;https:\/\/margaleff.com\/wp-content\/uploads\/2021\/06\/LA-AMADA-OBRA.jpg&#8221; after_src=&#8221;https:\/\/margaleff.com\/wp-content\/uploads\/2021\/06\/La-Amada-Residences-Playa-Mujeres-Cancun-1.jpg&#8221; before_label_text=&#8221;Antes&#8221; after_label_text=&#8221;Despu\u00e9s&#8221; _builder_version=&#8221;4.16&#8243; _module_preset=&#8221;default&#8221; height=&#8221;320px&#8221; height_tablet=&#8221;350px&#8221; height_phone=&#8221;200px&#8221; height_last_edited=&#8221;on|phone&#8221; custom_margin=&#8221;0px||||false|false&#8221; custom_padding=&#8221;0px||||false|false&#8221; border_radii=&#8221;on|10px|10px|10px|10px&#8221; box_shadow_style=&#8221;preset3&#8243; global_colors_info=&#8221;{}&#8221;][\/dsm_before_after_image][\/et_pb_column][\/et_pb_row][\/et_pb_section]<\/p>\n","protected":false},"excerpt":{"rendered":"<p>Nuestros Servicios Instalaciones El\u00e9ctricas y Proyectos Estamos comprometidos con la\u00a0renovaci\u00f3n y modernizaci\u00f3n de sus instalaciones, brind\u00e1ndole nuestra experiencia con la\u00a0tecnolog\u00eda de punta\u00a0m\u00e1s avanzada del mercado para la construcci\u00f3n el\u00e9ctrica,\u00a0cumpliendo siempre los est\u00e1ndares de calidad y normatividad.<div class=\"et_pb_module dsm_image_accordion dsm_image_accordion_0 dsm_image_accordion_animation_fade_in dsm_image_accordion_animation_sequence_off\">\n\t\t\t\t\n\t\t\t\t\n\t\t\t\t\n\t\t\t\t\n\t\t\t\t\n\t\t\t\t\n\t\t\t\t<div class=\"et_pb_module_inner\">\n\t\t\t\t\t<div class=\"dsm_image_accordion_wrapper dsm_image_accordion_trigger_on_hover\">\n                <div class=\"et_pb_module dsm_image_accordion_child dsm_image_accordion_child_0 dsm_image_accordion_horizontal_center dsm_image_accordion_vertical_center \">\n\t\t\t\t\n\t\t\t\t\n\t\t\t\t\n\t\t\t\t\n\t\t\t\t\n\t\t\t\t\n\t\t\t\t<div class=\"et_pb_module_inner\">\n\t\t\t\t\t<div class=\"dsm_image_accordion_child_content\">\n\t\t\t\t\n\t\t\t\t\n\t\t\t\t\n\t\t\t\t\n\t\t\t<\/div>\n\t\t\t\t<\/div>\n\t\t\t<\/div><div class=\"et_pb_module dsm_image_accordion_child dsm_image_accordion_child_1 dsm_image_accordion_horizontal_center dsm_image_accordion_vertical_center \">\n\t\t\t\t\n\t\t\t\t\n\t\t\t\t\n\t\t\t\t\n\t\t\t\t\n\t\t\t\t\n\t\t\t\t<div class=\"et_pb_module_inner\">\n\t\t\t\t\t<div class=\"dsm_image_accordion_child_content\">\n\t\t\t\t\n\t\t\t\t\n\t\t\t\t\n\t\t\t\t\n\t\t\t<\/div>\n\t\t\t\t<\/div>\n\t\t\t<\/div><div class=\"et_pb_module dsm_image_accordion_child dsm_image_accordion_child_2 dsm_image_accordion_horizontal_center dsm_image_accordion_vertical_center \">\n\t\t\t\t\n\t\t\t\t\n\t\t\t\t\n\t\t\t\t\n\t\t\t\t\n\t\t\t\t\n\t\t\t\t<div class=\"et_pb_module_inner\">\n\t\t\t\t\t<div class=\"dsm_image_accordion_child_content\">\n\t\t\t\t\n\t\t\t\t\n\t\t\t\t\n\t\t\t\t\n\t\t\t<\/div>\n\t\t\t\t<\/div>\n\t\t\t<\/div>\n            <\/div>\n\t\t\t\t<\/div>\n\t\t\t<\/div> Obras M\u00e1s [&hellip;]<\/p>\n","protected":false},"author":2,"featured_media":0,"parent":0,"menu_order":0,"comment_status":"closed","ping_status":"closed","template":"","meta":{"_et_pb_use_builder":"on","_et_pb_old_content":"","_et_gb_content_width":"","footnotes":""},"yoast_head":"<!-- This site is optimized with the Yoast SEO plugin v17.0 - https:\/\/yoast.com\/wordpress\/plugins\/seo\/ -->\n<title>Servicios - Margaleff Consultores<\/title>\n<meta name=\"robots\" content=\"index, follow, max-snippet:-1, max-image-preview:large, max-video-preview:-1\" \/>\n<link rel=\"canonical\" href=\"https:\/\/margaleff.com\/index.php\/servicios\/\" \/>\n<meta property=\"og:locale\" content=\"es_ES\" \/>\n<meta property=\"og:type\" content=\"article\" \/>\n<meta property=\"og:title\" content=\"Servicios - Margaleff Consultores\" \/>\n<meta property=\"og:description\" content=\"Nuestros Servicios Instalaciones El\u00e9ctricas y Proyectos Estamos comprometidos con la\u00a0renovaci\u00f3n y modernizaci\u00f3n de sus instalaciones, brind\u00e1ndole nuestra experiencia con la\u00a0tecnolog\u00eda de punta\u00a0m\u00e1s avanzada del mercado para la construcci\u00f3n el\u00e9ctrica,\u00a0cumpliendo siempre los est\u00e1ndares de calidad y normatividad. Obras M\u00e1s [&hellip;]\" \/>\n<meta property=\"og:url\" content=\"https:\/\/margaleff.com\/index.php\/servicios\/\" \/>\n<meta property=\"og:site_name\" content=\"Margaleff Consultores\" \/>\n<meta property=\"article:modified_time\" content=\"2025-06-05T19:28:44+00:00\" \/>\n<meta name=\"twitter:card\" content=\"summary_large_image\" \/>\n<meta name=\"twitter:label1\" content=\"Tiempo de lectura\" \/>\n\t<meta name=\"twitter:data1\" content=\"5 minutos\" \/>\n<script type=\"application\/ld+json\" class=\"yoast-schema-graph\">{\"@context\":\"https:\/\/schema.org\",\"@graph\":[{\"@type\":\"WebSite\",\"@id\":\"https:\/\/margaleff.com\/#website\",\"url\":\"https:\/\/margaleff.com\/\",\"name\":\"Margaleff Consultores\",\"description\":\"Profesionales en instalaciones el\\u00e9ctricas\",\"potentialAction\":[{\"@type\":\"SearchAction\",\"target\":{\"@type\":\"EntryPoint\",\"urlTemplate\":\"https:\/\/margaleff.com\/?s={search_term_string}\"},\"query-input\":\"required name=search_term_string\"}],\"inLanguage\":\"es\"},{\"@type\":\"WebPage\",\"@id\":\"https:\/\/margaleff.com\/index.php\/servicios\/#webpage\",\"url\":\"https:\/\/margaleff.com\/index.php\/servicios\/\",\"name\":\"Servicios - Margaleff Consultores\",\"isPartOf\":{\"@id\":\"https:\/\/margaleff.com\/#website\"},\"datePublished\":\"2021-06-03T23:46:39+00:00\",\"dateModified\":\"2025-06-05T19:28:44+00:00\",\"breadcrumb\":{\"@id\":\"https:\/\/margaleff.com\/index.php\/servicios\/#breadcrumb\"},\"inLanguage\":\"es\",\"potentialAction\":[{\"@type\":\"ReadAction\",\"target\":[\"https:\/\/margaleff.com\/index.php\/servicios\/\"]}]},{\"@type\":\"BreadcrumbList\",\"@id\":\"https:\/\/margaleff.com\/index.php\/servicios\/#breadcrumb\",\"itemListElement\":[{\"@type\":\"ListItem\",\"position\":1,\"name\":\"Portada\",\"item\":\"https:\/\/margaleff.com\/\"},{\"@type\":\"ListItem\",\"position\":2,\"name\":\"Servicios\"}]}]}<\/script>\n<!-- \/ Yoast SEO plugin. -->","yoast_head_json":{"title":"Servicios - Margaleff Consultores","robots":{"index":"index","follow":"follow","max-snippet":"max-snippet:-1","max-image-preview":"max-image-preview:large","max-video-preview":"max-video-preview:-1"},"canonical":"https:\/\/margaleff.com\/index.php\/servicios\/","og_locale":"es_ES","og_type":"article","og_title":"Servicios - Margaleff Consultores","og_description":"Nuestros Servicios Instalaciones El\u00e9ctricas y Proyectos Estamos comprometidos con la\u00a0renovaci\u00f3n y modernizaci\u00f3n de sus instalaciones, brind\u00e1ndole nuestra experiencia con la\u00a0tecnolog\u00eda de punta\u00a0m\u00e1s avanzada del mercado para la construcci\u00f3n el\u00e9ctrica,\u00a0cumpliendo siempre los est\u00e1ndares de calidad y normatividad. Obras M\u00e1s [&hellip;]","og_url":"https:\/\/margaleff.com\/index.php\/servicios\/","og_site_name":"Margaleff Consultores","article_modified_time":"2025-06-05T19:28:44+00:00","twitter_card":"summary_large_image","twitter_misc":{"Tiempo de lectura":"5 minutos"},"schema":{"@context":"https:\/\/schema.org","@graph":[{"@type":"WebSite","@id":"https:\/\/margaleff.com\/#website","url":"https:\/\/margaleff.com\/","name":"Margaleff Consultores","description":"Profesionales en instalaciones el\u00e9ctricas","potentialAction":[{"@type":"SearchAction","target":{"@type":"EntryPoint","urlTemplate":"https:\/\/margaleff.com\/?s={search_term_string}"},"query-input":"required name=search_term_string"}],"inLanguage":"es"},{"@type":"WebPage","@id":"https:\/\/margaleff.com\/index.php\/servicios\/#webpage","url":"https:\/\/margaleff.com\/index.php\/servicios\/","name":"Servicios - Margaleff Consultores","isPartOf":{"@id":"https:\/\/margaleff.com\/#website"},"datePublished":"2021-06-03T23:46:39+00:00","dateModified":"2025-06-05T19:28:44+00:00","breadcrumb":{"@id":"https:\/\/margaleff.com\/index.php\/servicios\/#breadcrumb"},"inLanguage":"es","potentialAction":[{"@type":"ReadAction","target":["https:\/\/margaleff.com\/index.php\/servicios\/"]}]},{"@type":"BreadcrumbList","@id":"https:\/\/margaleff.com\/index.php\/servicios\/#breadcrumb","itemListElement":[{"@type":"ListItem","position":1,"name":"Portada","item":"https:\/\/margaleff.com\/"},{"@type":"ListItem","position":2,"name":"Servicios"}]}]}},"_links":{"self":[{"href":"https:\/\/margaleff.com\/index.php\/wp-json\/wp\/v2\/pages\/118"}],"collection":[{"href":"https:\/\/margaleff.com\/index.php\/wp-json\/wp\/v2\/pages"}],"about":[{"href":"https:\/\/margaleff.com\/index.php\/wp-json\/wp\/v2\/types\/page"}],"author":[{"embeddable":true,"href":"https:\/\/margaleff.com\/index.php\/wp-json\/wp\/v2\/users\/2"}],"replies":[{"embeddable":true,"href":"https:\/\/margaleff.com\/index.php\/wp-json\/wp\/v2\/comments?post=118"}],"version-history":[{"count":23,"href":"https:\/\/margaleff.com\/index.php\/wp-json\/wp\/v2\/pages\/118\/revisions"}],"predecessor-version":[{"id":1117,"href":"https:\/\/margaleff.com\/index.php\/wp-json\/wp\/v2\/pages\/118\/revisions\/1117"}],"wp:attachment":[{"href":"https:\/\/margaleff.com\/index.php\/wp-json\/wp\/v2\/media?parent=118"}],"curies":[{"name":"wp","href":"https:\/\/api.w.org\/{rel}","templated":true}]}}