{"id":34,"date":"2021-06-03T22:03:37","date_gmt":"2021-06-03T22:03:37","guid":{"rendered":"https:\/\/margaleff.com\/?page_id=34"},"modified":"2025-06-05T19:17:33","modified_gmt":"2025-06-05T19:17:33","slug":"nosotros","status":"publish","type":"page","link":"https:\/\/margaleff.com\/index.php\/nosotros\/","title":{"rendered":"Nosotros"},"content":{"rendered":"<p>[et_pb_section fb_built=&#8221;1&#8243; admin_label=&#8221;Testimonial&#8221; _builder_version=&#8221;4.16&#8243; background_image=&#8221;https:\/\/margaleff.com\/wp-content\/uploads\/2021\/06\/church-02-1.jpg&#8221; parallax=&#8221;on&#8221; custom_padding=&#8221;95px|0px|95px|0px|true|false&#8221; global_colors_info=&#8221;{}&#8221;][et_pb_row admin_label=&#8221;Testimonial Row&#8221; _builder_version=&#8221;4.16&#8243; global_colors_info=&#8221;{}&#8221;][et_pb_column type=&#8221;4_4&#8243; _builder_version=&#8221;4.16&#8243; custom_padding=&#8221;|||&#8221; global_colors_info=&#8221;{}&#8221; custom_padding__hover=&#8221;|||&#8221;][et_pb_blurb title=&#8221;%22Nos aseguramos de estar en constante mejora e innovaci\u00f3n en tecnolog\u00edas y dise\u00f1os, proporcionando a nuestros clientes un servicio personalizado con un equipo altamente profesional y comprometido&#8230;%22&#8243; admin_label=&#8221;Testimonial&#8221; _builder_version=&#8221;4.17.6&#8243; header_level=&#8221;h2&#8243; header_font=&#8221;Nunito Sans|700|||||||&#8221; header_text_color=&#8221;#535b7c&#8221; header_line_height=&#8221;1.4em&#8221; body_font=&#8221;Nunito Sans|600|||||||&#8221; body_text_color=&#8221;#959baf&#8221; body_font_size=&#8221;16px&#8221; background_image=&#8221;https:\/\/margaleff.com\/wp-content\/uploads\/2021\/06\/quote-bg.png&#8221; background_size=&#8221;initial&#8221; text_orientation=&#8221;center&#8221; custom_margin=&#8221;||2px|||&#8221; animation_style=&#8221;slide&#8221; hover_enabled=&#8221;0&#8243; global_colors_info=&#8221;{}&#8221; sticky_enabled=&#8221;0&#8243;][\/et_pb_blurb][dsm_typing_effect typing_effect=&#8221;- Margaleff&#8221; typing_loop=&#8221;off&#8221; typing_backdelay=&#8221;900ms&#8221; _builder_version=&#8221;4.16&#8243; _module_preset=&#8221;default&#8221; header_font=&#8221;Didact Gothic|700|||||||&#8221; header_text_align=&#8221;center&#8221; header_text_color=&#8221;#959baf&#8221; header_font_size=&#8221;17px&#8221; header_letter_spacing=&#8221;0.5px&#8221; animation_style=&#8221;fade&#8221; global_colors_info=&#8221;{}&#8221;][\/dsm_typing_effect][\/et_pb_column][\/et_pb_row][\/et_pb_section][et_pb_section fb_built=&#8221;1&#8243; _builder_version=&#8221;4.16&#8243; _module_preset=&#8221;default&#8221; background_image=&#8221;https:\/\/margaleff.com\/wp-content\/uploads\/2021\/06\/investing-15-1.jpg&#8221; background_size=&#8221;contain&#8221; background_position=&#8221;top_left&#8221; custom_padding=&#8221;3vw||||false|false&#8221; global_colors_info=&#8221;{}&#8221;][et_pb_row column_structure=&#8221;1_2,1_2&#8243; _builder_version=&#8221;4.16&#8243; _module_preset=&#8221;default&#8221; global_colors_info=&#8221;{}&#8221;][et_pb_column type=&#8221;1_2&#8243; _builder_version=&#8221;4.16&#8243; _module_preset=&#8221;default&#8221; global_colors_info=&#8221;{}&#8221;][et_pb_text _builder_version=&#8221;4.16&#8243; text_font=&#8221;Work Sans||||||||&#8221; text_font_size=&#8221;17px&#8221; text_line_height=&#8221;1.8em&#8221; header_font=&#8221;||||||||&#8221; header_2_font=&#8221;Work Sans|700|||||||&#8221; header_2_font_size=&#8221;40px&#8221; header_2_line_height=&#8221;1.4em&#8221; animation_style=&#8221;fade&#8221; text_font_size_tablet=&#8221;15px&#8221; text_font_size_phone=&#8221;14px&#8221; text_font_size_last_edited=&#8221;on|phone&#8221; header_2_font_size_tablet=&#8221;30px&#8221; header_2_font_size_phone=&#8221;22px&#8221; header_2_font_size_last_edited=&#8221;on|phone&#8221; locked=&#8221;off&#8221; global_colors_info=&#8221;{}&#8221; header_font_size__hover=&#8221;30px&#8221; header_font_size__hover_enabled=&#8221;30px&#8221; header_letter_spacing__hover=&#8221;0px&#8221; header_letter_spacing__hover_enabled=&#8221;0px&#8221; header_text_shadow_style__hover=&#8221;none&#8221; header_text_shadow_style__hover_enabled=&#8221;none&#8221; header_text_shadow_color__hover=&#8221;rgba(0,0,0,0.4)&#8221; header_text_shadow_color__hover_enabled=&#8221;rgba(0,0,0,0.4)&#8221; text_font_size__hover=&#8221;14px&#8221; text_font_size__hover_enabled=&#8221;14px&#8221; text_letter_spacing__hover=&#8221;0px&#8221; text_letter_spacing__hover_enabled=&#8221;0px&#8221; text_line_height__hover=&#8221;1.7em&#8221; text_line_height__hover_enabled=&#8221;1.7em&#8221; text_text_shadow_style__hover=&#8221;none&#8221; text_text_shadow_style__hover_enabled=&#8221;none&#8221; text_text_shadow_color__hover=&#8221;rgba(0,0,0,0.4)&#8221; text_text_shadow_color__hover_enabled=&#8221;rgba(0,0,0,0.4)&#8221; link_font_size__hover=&#8221;14px&#8221; link_font_size__hover_enabled=&#8221;14px&#8221; link_letter_spacing__hover=&#8221;0px&#8221; link_letter_spacing__hover_enabled=&#8221;0px&#8221; link_line_height__hover=&#8221;1em&#8221; link_line_height__hover_enabled=&#8221;1em&#8221; link_text_shadow_style__hover=&#8221;none&#8221; link_text_shadow_style__hover_enabled=&#8221;none&#8221; link_text_shadow_color__hover=&#8221;rgba(0,0,0,0.4)&#8221; link_text_shadow_color__hover_enabled=&#8221;rgba(0,0,0,0.4)&#8221; ul_font_size__hover=&#8221;14px&#8221; ul_font_size__hover_enabled=&#8221;14px&#8221; ul_letter_spacing__hover=&#8221;0px&#8221; ul_letter_spacing__hover_enabled=&#8221;0px&#8221; ul_line_height__hover=&#8221;1em&#8221; ul_line_height__hover_enabled=&#8221;1em&#8221; ul_text_shadow_style__hover=&#8221;none&#8221; ul_text_shadow_style__hover_enabled=&#8221;none&#8221; ul_text_shadow_color__hover=&#8221;rgba(0,0,0,0.4)&#8221; ul_text_shadow_color__hover_enabled=&#8221;rgba(0,0,0,0.4)&#8221; ol_font_size__hover=&#8221;14px&#8221; ol_font_size__hover_enabled=&#8221;14px&#8221; ol_letter_spacing__hover=&#8221;0px&#8221; ol_letter_spacing__hover_enabled=&#8221;0px&#8221; ol_line_height__hover=&#8221;1em&#8221; ol_line_height__hover_enabled=&#8221;1em&#8221; ol_text_shadow_style__hover=&#8221;none&#8221; ol_text_shadow_style__hover_enabled=&#8221;none&#8221; ol_text_shadow_color__hover=&#8221;rgba(0,0,0,0.4)&#8221; ol_text_shadow_color__hover_enabled=&#8221;rgba(0,0,0,0.4)&#8221; quote_font_size__hover=&#8221;14px&#8221; quote_font_size__hover_enabled=&#8221;14px&#8221; quote_letter_spacing__hover=&#8221;0px&#8221; quote_letter_spacing__hover_enabled=&#8221;0px&#8221; quote_line_height__hover=&#8221;1em&#8221; quote_line_height__hover_enabled=&#8221;1em&#8221; quote_text_shadow_style__hover=&#8221;none&#8221; quote_text_shadow_style__hover_enabled=&#8221;none&#8221; quote_text_shadow_color__hover=&#8221;rgba(0,0,0,0.4)&#8221; quote_text_shadow_color__hover_enabled=&#8221;rgba(0,0,0,0.4)&#8221; text_orientation__hover=&#8221;left&#8221; text_orientation__hover_enabled=&#8221;left&#8221; background_layout__hover=&#8221;light&#8221; background_layout__hover_enabled=&#8221;light&#8221; max_width__hover=&#8221;100%&#8221; max_width__hover_enabled=&#8221;100%&#8221; header_2_font_size__hover=&#8221;26px&#8221; header_2_font_size__hover_enabled=&#8221;26px&#8221; header_2_letter_spacing__hover=&#8221;0px&#8221; header_2_letter_spacing__hover_enabled=&#8221;0px&#8221; header_2_line_height__hover=&#8221;1em&#8221; header_2_line_height__hover_enabled=&#8221;1em&#8221; header_2_text_shadow_style__hover=&#8221;none&#8221; header_2_text_shadow_style__hover_enabled=&#8221;none&#8221; header_2_text_shadow_color__hover=&#8221;rgba(0,0,0,0.4)&#8221; header_2_text_shadow_color__hover_enabled=&#8221;rgba(0,0,0,0.4)&#8221;]<\/p>\n<h2>Nosotros<\/h2>\n<p>Conocer acerca de los valores empresariales con los que se dirige nuestra empresa.<\/p>\n<p>[\/et_pb_text][\/et_pb_column][et_pb_column type=&#8221;1_2&#8243; _builder_version=&#8221;4.16&#8243; _module_preset=&#8221;default&#8221; global_colors_info=&#8221;{}&#8221;][\/et_pb_column][\/et_pb_row][et_pb_row column_structure=&#8221;1_3,1_3,1_3&#8243; _builder_version=&#8221;4.16&#8243; _module_preset=&#8221;default&#8221; global_colors_info=&#8221;{}&#8221;][et_pb_column type=&#8221;1_3&#8243; _builder_version=&#8221;4.16&#8243; _module_preset=&#8221;default&#8221; global_colors_info=&#8221;{}&#8221;][et_pb_blurb title=&#8221;Misi\u00f3n&#8221; use_icon=&#8221;on&#8221; font_icon=&#8221;&#x4e;||divi||400&#8243; icon_color=&#8221;#ffffff&#8221; icon_placement=&#8221;left&#8221; image_icon_width=&#8221;18px&#8221; content_max_width=&#8221;100%&#8221; _builder_version=&#8221;4.16&#8243; header_font=&#8221;Work Sans|600|||||||&#8221; header_font_size=&#8221;18px&#8221; header_line_height=&#8221;1.4em&#8221; body_font=&#8221;Work Sans||||||||&#8221; body_line_height=&#8221;1.8em&#8221; background_color=&#8221;#0056a0&#8243; background_layout=&#8221;dark&#8221; custom_padding=&#8221;30px|30px|30px|30px|true|true&#8221; animation_style=&#8221;slide&#8221; animation_direction=&#8221;bottom&#8221; animation=&#8221;off&#8221; header_font_size_tablet=&#8221;&#8221; header_font_size_phone=&#8221;20px&#8221; header_font_size_last_edited=&#8221;on|phone&#8221; body_font_size_tablet=&#8221;&#8221; body_font_size_phone=&#8221;14px&#8221; body_font_size_last_edited=&#8221;on|phone&#8221; border_radii=&#8221;on|10px|10px|10px|10px&#8221; box_shadow_style=&#8221;preset2&#8243; icon_font_size=&#8221;18px&#8221; locked=&#8221;off&#8221; global_colors_info=&#8221;{}&#8221; background__hover_enabled=&#8221;on|hover&#8221; background_color__hover=&#8221;#959baf&#8221; header_font_size__hover=&#8221;22px&#8221; header_font_size__hover_enabled=&#8221;22px&#8221; header_letter_spacing__hover=&#8221;0px&#8221; header_letter_spacing__hover_enabled=&#8221;0px&#8221; header_line_height__hover=&#8221;1em&#8221; header_line_height__hover_enabled=&#8221;1em&#8221; header_text_shadow_style__hover=&#8221;none&#8221; header_text_shadow_style__hover_enabled=&#8221;none&#8221; header_text_shadow_color__hover=&#8221;rgba(0,0,0,0.4)&#8221; header_text_shadow_color__hover_enabled=&#8221;rgba(0,0,0,0.4)&#8221; body_line_height__hover=&#8221;1.7em&#8221; body_line_height__hover_enabled=&#8221;1.7em&#8221; background_enable_color__hover=&#8221;on&#8221;]<\/p>\n<p><span>Somos una empresa mexicana dedicada a\u00a0<\/span><span id=\"u97776-2\">proyectos e instalaciones el\u00e9ctricas para obras del sector privado<\/span><span>, con\u00a0<\/span><span id=\"u97776-4\">altos\u00a0 est\u00e1ndares de calidad e ingenier\u00eda de valor<\/span><span>, por lo que nos aseguramos de estar en constante mejora e i<\/span><span id=\"u97776-6\">nnovaci\u00f3n en tecnolog\u00edas y dise\u00f1os<\/span><span>, proporcionando a nuestros clientes un servicio personalizado con un equipo altamente profesional y comprometido.<\/span><\/p>\n<p>[\/et_pb_blurb][\/et_pb_column][et_pb_column type=&#8221;1_3&#8243; _builder_version=&#8221;4.16&#8243; _module_preset=&#8221;default&#8221; global_colors_info=&#8221;{}&#8221;][et_pb_blurb title=&#8221;Visi\u00f3n 2024&#8243; use_icon=&#8221;on&#8221; font_icon=&#8221;&#x4e;||divi||400&#8243; icon_color=&#8221;#ffffff&#8221; icon_placement=&#8221;left&#8221; image_icon_width=&#8221;18px&#8221; content_max_width=&#8221;100%&#8221; _builder_version=&#8221;4.16&#8243; header_font=&#8221;Work Sans|600|||||||&#8221; header_font_size=&#8221;20px&#8221; header_line_height=&#8221;1.4em&#8221; body_font=&#8221;Work Sans||||||||&#8221; body_line_height=&#8221;1.8em&#8221; background_color=&#8221;rgba(0,86,160,0.85)&#8221; background_layout=&#8221;dark&#8221; custom_padding=&#8221;30px|30px|30px|30px|true|true&#8221; animation_style=&#8221;slide&#8221; animation_direction=&#8221;bottom&#8221; animation=&#8221;off&#8221; body_font_size_tablet=&#8221;&#8221; body_font_size_phone=&#8221;14px&#8221; body_font_size_last_edited=&#8221;on|phone&#8221; border_radii=&#8221;on|10px|10px|10px|10px&#8221; box_shadow_style=&#8221;preset2&#8243; icon_font_size=&#8221;18px&#8221; locked=&#8221;off&#8221; global_colors_info=&#8221;{}&#8221; background__hover_enabled=&#8221;on|hover&#8221; background_color__hover=&#8221;#959baf&#8221; header_font_size__hover=&#8221;22px&#8221; header_font_size__hover_enabled=&#8221;22px&#8221; header_letter_spacing__hover=&#8221;0px&#8221; header_letter_spacing__hover_enabled=&#8221;0px&#8221; header_line_height__hover=&#8221;1em&#8221; header_line_height__hover_enabled=&#8221;1em&#8221; header_text_shadow_style__hover=&#8221;none&#8221; header_text_shadow_style__hover_enabled=&#8221;none&#8221; header_text_shadow_color__hover=&#8221;rgba(0,0,0,0.4)&#8221; header_text_shadow_color__hover_enabled=&#8221;rgba(0,0,0,0.4)&#8221; body_line_height__hover=&#8221;1.7em&#8221; body_line_height__hover_enabled=&#8221;1.7em&#8221; background_enable_color__hover=&#8221;on&#8221;]<\/p>\n<p><span id=\"u97769\">Distinguirnos por ser una<span>\u00a0<\/span><\/span><span id=\"u97769-2\">empresa transparente, s\u00f3lida, altamente productiva y eficiente, asegurando la satisfacci\u00f3n de cada uno de nuestros clientes<\/span><span id=\"u97769-3\">, creando sinergias a largo plazo, a trav\u00e9s de un equipo de trabajo que responda con un alto grado de profesionalismo, cumpliendo<span>\u00a0<\/span><\/span><span id=\"u97769-4\">nuestros compromisos con una rigurosa planeaci\u00f3n, calidad humana, tecnol\u00f3gica y operativa.<\/span><\/p>\n<p>[\/et_pb_blurb][\/et_pb_column][et_pb_column type=&#8221;1_3&#8243; _builder_version=&#8221;4.16&#8243; _module_preset=&#8221;default&#8221; global_colors_info=&#8221;{}&#8221;][et_pb_blurb title=&#8221;En MARGALEFF  as\u00ed somos:&#8221; use_icon=&#8221;on&#8221; font_icon=&#8221;&#x4e;||divi||400&#8243; icon_color=&#8221;#ffffff&#8221; icon_placement=&#8221;left&#8221; image_icon_width=&#8221;18px&#8221; content_max_width=&#8221;100%&#8221; _builder_version=&#8221;4.16&#8243; header_font=&#8221;Work Sans|600|||||||&#8221; header_font_size=&#8221;20px&#8221; header_line_height=&#8221;1.4em&#8221; body_font=&#8221;Work Sans||||||||&#8221; body_line_height=&#8221;1.8em&#8221; background_color=&#8221;rgba(0,86,160,0.7)&#8221; background_layout=&#8221;dark&#8221; custom_padding=&#8221;30px|30px|30px|30px|true|true&#8221; animation_style=&#8221;slide&#8221; animation_direction=&#8221;bottom&#8221; animation=&#8221;off&#8221; body_font_size_tablet=&#8221;&#8221; body_font_size_phone=&#8221;14px&#8221; body_font_size_last_edited=&#8221;on|phone&#8221; border_radii=&#8221;on|10px|10px|10px|10px&#8221; box_shadow_style=&#8221;preset2&#8243; icon_font_size=&#8221;18px&#8221; locked=&#8221;off&#8221; global_colors_info=&#8221;{}&#8221; background__hover_enabled=&#8221;on|hover&#8221; background_color__hover=&#8221;#959baf&#8221; header_font_size__hover=&#8221;22px&#8221; header_font_size__hover_enabled=&#8221;22px&#8221; header_letter_spacing__hover=&#8221;0px&#8221; header_letter_spacing__hover_enabled=&#8221;0px&#8221; header_line_height__hover=&#8221;1em&#8221; header_line_height__hover_enabled=&#8221;1em&#8221; header_text_shadow_style__hover=&#8221;none&#8221; header_text_shadow_style__hover_enabled=&#8221;none&#8221; header_text_shadow_color__hover=&#8221;rgba(0,0,0,0.4)&#8221; header_text_shadow_color__hover_enabled=&#8221;rgba(0,0,0,0.4)&#8221; body_line_height__hover=&#8221;1.7em&#8221; body_line_height__hover_enabled=&#8221;1.7em&#8221; background_enable_color__hover=&#8221;on&#8221;]<\/p>\n<p id=\"u98009-2\">\u2022 Disfrutamos nuestro trabajo con pasi\u00f3n, entusiasmo y sentido del humor.<\/p>\n<p id=\"u98009-4\">\u2022 La \u00e9tica y la honestidad son parte esencial en el desempe\u00f1o de nuestras funciones.<\/p>\n<p id=\"u98009-6\">\u2022 La disciplina y el compromiso nos distinguen y nos hacen fuertes.<\/p>\n<p id=\"u98009-8\">\u2022 Cuidamos los recursos\u00a0 y agregamos valor en cada una de nuestras actividades.<\/p>\n<p id=\"u98009-10\">\u2022 Nos fortalecemos y mejoramos ante las dificultades, enfoc\u00e1ndonos\u00a0 en soluciones.<\/p>\n<p id=\"u98009-12\">\u2022 Trabajamos en equipo y crecemos en nuestras diferencias.<\/p>\n<p id=\"u98009-14\">\u2022 Nos comunicamos abierta y oportuna mente.<\/p>\n<p id=\"u98009-16\">\u2022 Rompemos paradigmas e innovamos para ser mejores.<\/p>\n<p id=\"u98009-18\">\u2022 Creemos en el alto rendimiento y en el equilibrio vida-trabajo.<\/p>\n<p>[\/et_pb_blurb][\/et_pb_column][\/et_pb_row][\/et_pb_section]<\/p>\n","protected":false},"excerpt":{"rendered":"<p><div class=\"et_pb_module dsm_typing_effect dsm_typing_effect_0 et_animated et_pb_bg_layout_light \">\n\t\t\t\t\n\t\t\t\t\n\t\t\t\t\n\t\t\t\t\n\t\t\t\t\n\t\t\t\t\n\t\t\t\t<div class=\"et_pb_module_inner\">\n\t\t\t\t\t<h1 class=\"dsm-typing-effect et_pb_module_header\"><span class=\"dsm-typing\" data-dsm-typing-strings=\"- Margaleff\" data-dsm-typing-speed=100ms data-dsm-typing-backspeed=50ms data-dsm-typing-backdelay=900ms data-dsm-typing-loop=false><\/span><\/h1>\n\t\t\t\t<\/div>\n\t\t\t<\/div>Nosotros Conocer acerca de los valores empresariales con los que se dirige nuestra empresa.Somos una empresa mexicana dedicada a\u00a0proyectos e instalaciones el\u00e9ctricas para obras del sector privado, con\u00a0altos\u00a0 est\u00e1ndares de calidad e ingenier\u00eda de valor, por lo que nos aseguramos de [&hellip;]<\/p>\n","protected":false},"author":1,"featured_media":0,"parent":0,"menu_order":0,"comment_status":"closed","ping_status":"closed","template":"","meta":{"_et_pb_use_builder":"on","_et_pb_old_content":"","_et_gb_content_width":"","footnotes":""},"yoast_head":"<!-- This site is optimized with the Yoast SEO plugin v17.0 - https:\/\/yoast.com\/wordpress\/plugins\/seo\/ -->\n<title>Nosotros - Margaleff Consultores<\/title>\n<meta name=\"robots\" content=\"index, follow, max-snippet:-1, max-image-preview:large, max-video-preview:-1\" \/>\n<link rel=\"canonical\" href=\"https:\/\/margaleff.com\/index.php\/nosotros\/\" \/>\n<meta property=\"og:locale\" content=\"es_ES\" \/>\n<meta property=\"og:type\" content=\"article\" \/>\n<meta property=\"og:title\" content=\"Nosotros - Margaleff Consultores\" \/>\n<meta property=\"og:description\" content=\"Nosotros Conocer acerca de los valores empresariales con los que se dirige nuestra empresa.Somos una empresa mexicana dedicada a\u00a0proyectos e instalaciones el\u00e9ctricas para obras del sector privado, con\u00a0altos\u00a0 est\u00e1ndares de calidad e ingenier\u00eda de valor, por lo que nos aseguramos de [&hellip;]\" \/>\n<meta property=\"og:url\" content=\"https:\/\/margaleff.com\/index.php\/nosotros\/\" \/>\n<meta property=\"og:site_name\" content=\"Margaleff Consultores\" \/>\n<meta property=\"article:modified_time\" content=\"2025-06-05T19:17:33+00:00\" \/>\n<meta name=\"twitter:card\" content=\"summary_large_image\" \/>\n<meta name=\"twitter:label1\" content=\"Tiempo de lectura\" \/>\n\t<meta name=\"twitter:data1\" content=\"8 minutos\" \/>\n<script type=\"application\/ld+json\" class=\"yoast-schema-graph\">{\"@context\":\"https:\/\/schema.org\",\"@graph\":[{\"@type\":\"WebSite\",\"@id\":\"https:\/\/margaleff.com\/#website\",\"url\":\"https:\/\/margaleff.com\/\",\"name\":\"Margaleff Consultores\",\"description\":\"Profesionales en instalaciones el\\u00e9ctricas\",\"potentialAction\":[{\"@type\":\"SearchAction\",\"target\":{\"@type\":\"EntryPoint\",\"urlTemplate\":\"https:\/\/margaleff.com\/?s={search_term_string}\"},\"query-input\":\"required name=search_term_string\"}],\"inLanguage\":\"es\"},{\"@type\":\"WebPage\",\"@id\":\"https:\/\/margaleff.com\/index.php\/nosotros\/#webpage\",\"url\":\"https:\/\/margaleff.com\/index.php\/nosotros\/\",\"name\":\"Nosotros - Margaleff Consultores\",\"isPartOf\":{\"@id\":\"https:\/\/margaleff.com\/#website\"},\"datePublished\":\"2021-06-03T22:03:37+00:00\",\"dateModified\":\"2025-06-05T19:17:33+00:00\",\"breadcrumb\":{\"@id\":\"https:\/\/margaleff.com\/index.php\/nosotros\/#breadcrumb\"},\"inLanguage\":\"es\",\"potentialAction\":[{\"@type\":\"ReadAction\",\"target\":[\"https:\/\/margaleff.com\/index.php\/nosotros\/\"]}]},{\"@type\":\"BreadcrumbList\",\"@id\":\"https:\/\/margaleff.com\/index.php\/nosotros\/#breadcrumb\",\"itemListElement\":[{\"@type\":\"ListItem\",\"position\":1,\"name\":\"Portada\",\"item\":\"https:\/\/margaleff.com\/\"},{\"@type\":\"ListItem\",\"position\":2,\"name\":\"Nosotros\"}]}]}<\/script>\n<!-- \/ Yoast SEO plugin. -->","yoast_head_json":{"title":"Nosotros - Margaleff Consultores","robots":{"index":"index","follow":"follow","max-snippet":"max-snippet:-1","max-image-preview":"max-image-preview:large","max-video-preview":"max-video-preview:-1"},"canonical":"https:\/\/margaleff.com\/index.php\/nosotros\/","og_locale":"es_ES","og_type":"article","og_title":"Nosotros - Margaleff Consultores","og_description":"Nosotros Conocer acerca de los valores empresariales con los que se dirige nuestra empresa.Somos una empresa mexicana dedicada a\u00a0proyectos e instalaciones el\u00e9ctricas para obras del sector privado, con\u00a0altos\u00a0 est\u00e1ndares de calidad e ingenier\u00eda de valor, por lo que nos aseguramos de [&hellip;]","og_url":"https:\/\/margaleff.com\/index.php\/nosotros\/","og_site_name":"Margaleff Consultores","article_modified_time":"2025-06-05T19:17:33+00:00","twitter_card":"summary_large_image","twitter_misc":{"Tiempo de lectura":"8 minutos"},"schema":{"@context":"https:\/\/schema.org","@graph":[{"@type":"WebSite","@id":"https:\/\/margaleff.com\/#website","url":"https:\/\/margaleff.com\/","name":"Margaleff Consultores","description":"Profesionales en instalaciones el\u00e9ctricas","potentialAction":[{"@type":"SearchAction","target":{"@type":"EntryPoint","urlTemplate":"https:\/\/margaleff.com\/?s={search_term_string}"},"query-input":"required name=search_term_string"}],"inLanguage":"es"},{"@type":"WebPage","@id":"https:\/\/margaleff.com\/index.php\/nosotros\/#webpage","url":"https:\/\/margaleff.com\/index.php\/nosotros\/","name":"Nosotros - Margaleff Consultores","isPartOf":{"@id":"https:\/\/margaleff.com\/#website"},"datePublished":"2021-06-03T22:03:37+00:00","dateModified":"2025-06-05T19:17:33+00:00","breadcrumb":{"@id":"https:\/\/margaleff.com\/index.php\/nosotros\/#breadcrumb"},"inLanguage":"es","potentialAction":[{"@type":"ReadAction","target":["https:\/\/margaleff.com\/index.php\/nosotros\/"]}]},{"@type":"BreadcrumbList","@id":"https:\/\/margaleff.com\/index.php\/nosotros\/#breadcrumb","itemListElement":[{"@type":"ListItem","position":1,"name":"Portada","item":"https:\/\/margaleff.com\/"},{"@type":"ListItem","position":2,"name":"Nosotros"}]}]}},"_links":{"self":[{"href":"https:\/\/margaleff.com\/index.php\/wp-json\/wp\/v2\/pages\/34"}],"collection":[{"href":"https:\/\/margaleff.com\/index.php\/wp-json\/wp\/v2\/pages"}],"about":[{"href":"https:\/\/margaleff.com\/index.php\/wp-json\/wp\/v2\/types\/page"}],"author":[{"embeddable":true,"href":"https:\/\/margaleff.com\/index.php\/wp-json\/wp\/v2\/users\/1"}],"replies":[{"embeddable":true,"href":"https:\/\/margaleff.com\/index.php\/wp-json\/wp\/v2\/comments?post=34"}],"version-history":[{"count":8,"href":"https:\/\/margaleff.com\/index.php\/wp-json\/wp\/v2\/pages\/34\/revisions"}],"predecessor-version":[{"id":1111,"href":"https:\/\/margaleff.com\/index.php\/wp-json\/wp\/v2\/pages\/34\/revisions\/1111"}],"wp:attachment":[{"href":"https:\/\/margaleff.com\/index.php\/wp-json\/wp\/v2\/media?parent=34"}],"curies":[{"name":"wp","href":"https:\/\/api.w.org\/{rel}","templated":true}]}}